{"id":1028,"date":"2023-09-16T12:47:58","date_gmt":"2023-09-16T11:47:58","guid":{"rendered":"https:\/\/gmforging.com\/index.php\/gluehofen\/"},"modified":"2023-10-15T23:08:57","modified_gmt":"2023-10-15T22:08:57","slug":"gluehofen","status":"publish","type":"page","link":"https:\/\/gmforging.com\/de\/index.php\/gluehofen\/","title":{"rendered":"Gl\u00fchofen"},"content":{"rendered":"\n<style type=\"text\/css\" data-created_by=\"avia_inline_auto\" id=\"style-css-av-lmm0s2gm-63106bed46911b839c1f5d07202a07b3\">\n.avia-section.av-lmm0s2gm-63106bed46911b839c1f5d07202a07b3{\nbackground-repeat:no-repeat;\nbackground-image:url(https:\/\/gmforging.com\/wp-content\/uploads\/2023\/09\/Annealing-Furnace.jpg);\nbackground-position:50% 50%;\nbackground-attachment:scroll;\n}\n.avia-section.av-lmm0s2gm-63106bed46911b839c1f5d07202a07b3 .av-section-color-overlay{\nopacity:0.2;\nbackground-color:#edae44;\n}\n<\/style>\n<div id='av_section_1'  class='avia-section av-lmm0s2gm-63106bed46911b839c1f5d07202a07b3 main_color avia-section-default avia-no-border-styling  avia-builder-el-0  el_before_av_one_full  avia-builder-el-first  avia-full-stretch avia-bg-style-scroll av-section-color-overlay-active av-minimum-height av-minimum-height-50 av-height-50  container_wrap fullsize'  data-section-bg-repeat='stretch' data-av_minimum_height_pc='50' data-av_min_height_opt='50'><div class=\"av-section-color-overlay-wrap\"><div class=\"av-section-color-overlay\"><\/div><div class='container av-section-cont-open' ><main  role=\"main\" itemprop=\"mainContentOfPage\"  class='template-page content  av-content-full alpha units'><div class='post-entry post-entry-type-page post-entry-1028'><div class='entry-content-wrapper clearfix'><\/div><\/div><\/main><!-- close content main element --><\/div><\/div><\/div><div id='after_section_1'  class='main_color av_default_container_wrap container_wrap fullsize'  ><div class='container av-section-cont-open' ><div class='template-page content  av-content-full alpha units'><div class='post-entry post-entry-type-page post-entry-1028'><div class='entry-content-wrapper clearfix'>\n<div  class='flex_column av-7zluf-26a4c1067e467de739924cc710f034c9 av_one_full  avia-builder-el-1  el_after_av_section  avia-builder-el-no-sibling  first flex_column_div  '     ><section  class='av_textblock_section av-lmm0r9ga-55f822f65dbc434bf5857908b4592feb '   itemscope=\"itemscope\" itemtype=\"https:\/\/schema.org\/CreativeWork\" ><div class='avia_textblock'  itemprop=\"text\" ><p>Ein Gl\u00fchofen ist ein Ofentyp, der haupts\u00e4chlich f\u00fcr den W\u00e4rmebehandlungsprozess bekannt als Gl\u00fchen verwendet wird. Das Gl\u00fchen ist eine W\u00e4rmebehandlungstechnik, die dazu dient, die physikalischen und mechanischen Eigenschaften von Materialien, insbesondere Metallen und Legierungen, zu modifizieren. Dies geschieht, indem sie auf eine bestimmte Temperatur erhitzt und dann in einem kontrollierten Verfahren abgek\u00fchlt werden. Die Hauptziele des Gl\u00fchens sind die Reduzierung der H\u00e4rte, die Verbesserung der Duktilit\u00e4t und die Entlastung innerer Spannungen im Material.<\/p>\n<p>&#8222;Unsere Anlage umfasst einen Gl\u00fchofen mit Abmessungen von 2 Metern L\u00e4nge, 2 Metern Breite, 2,5 Metern H\u00f6he und einer Heizkapazit\u00e4t, die Temperaturen von bis zu 1250\u00b0C erreichen kann. Dieser Ofen wird mit Erdgas betrieben und verf\u00fcgt \u00fcber moderne Funktionen, einschlie\u00dflich grafischer Mess- und Zeichenf\u00e4higkeiten.&#8220;<\/p>\n<\/div><\/section><\/div>\n","protected":false},"excerpt":{"rendered":"","protected":false},"author":1,"featured_media":0,"parent":0,"menu_order":0,"comment_status":"closed","ping_status":"closed","template":"","meta":{"om_disable_all_campaigns":false,"_monsterinsights_skip_tracking":false,"_monsterinsights_sitenote_active":false,"_monsterinsights_sitenote_note":"","_monsterinsights_sitenote_category":0,"footnotes":""},"class_list":["post-1028","page","type-page","status-publish","hentry"],"aioseo_notices":[],"_links":{"self":[{"href":"https:\/\/gmforging.com\/de\/index.php\/wp-json\/wp\/v2\/pages\/1028","targetHints":{"allow":["GET"]}}],"collection":[{"href":"https:\/\/gmforging.com\/de\/index.php\/wp-json\/wp\/v2\/pages"}],"about":[{"href":"https:\/\/gmforging.com\/de\/index.php\/wp-json\/wp\/v2\/types\/page"}],"author":[{"embeddable":true,"href":"https:\/\/gmforging.com\/de\/index.php\/wp-json\/wp\/v2\/users\/1"}],"replies":[{"embeddable":true,"href":"https:\/\/gmforging.com\/de\/index.php\/wp-json\/wp\/v2\/comments?post=1028"}],"version-history":[{"count":2,"href":"https:\/\/gmforging.com\/de\/index.php\/wp-json\/wp\/v2\/pages\/1028\/revisions"}],"predecessor-version":[{"id":1030,"href":"https:\/\/gmforging.com\/de\/index.php\/wp-json\/wp\/v2\/pages\/1028\/revisions\/1030"}],"wp:attachment":[{"href":"https:\/\/gmforging.com\/de\/index.php\/wp-json\/wp\/v2\/media?parent=1028"}],"curies":[{"name":"wp","href":"https:\/\/api.w.org\/{rel}","templated":true}]}}