{"id":1016,"date":"2015-07-16T09:12:44","date_gmt":"2015-07-16T08:12:44","guid":{"rendered":"https:\/\/gmforging.com\/index.php\/ueber-uns\/"},"modified":"2023-10-15T22:54:39","modified_gmt":"2023-10-15T21:54:39","slug":"ueber-uns","status":"publish","type":"page","link":"https:\/\/gmforging.com\/de\/index.php\/ueber-uns\/","title":{"rendered":"\u00dcBER UNS"},"content":{"rendered":"<div id='av-layout-grid-1'  class='av-layout-grid-container av-2qnnoq-b81f8d64df026b726d8ad0431f120beb entry-content-wrapper main_color av-flex-cells  avia-builder-el-0  el_before_av_layout_row  avia-builder-el-first   container_wrap fullsize'  >\n\n<style type=\"text\/css\" data-created_by=\"avia_inline_auto\" id=\"style-css-av-2m72tm-387a293bae57832e99ae6d7407bdc6fe\">\n.flex_cell.av-2m72tm-387a293bae57832e99ae6d7407bdc6fe{\nvertical-align:top;\nheight:430px;\nmin-height:430px;\nbackground:url(https:\/\/gmforging.com\/wp-content\/uploads\/2023\/09\/0000398_gerilim-giderme.jpg) 0% 50% no-repeat scroll ;\n}\n.responsive #top #wrap_all .flex_cell.av-2m72tm-387a293bae57832e99ae6d7407bdc6fe{\npadding:30px 30px 30px 30px !important;\n}\n<\/style>\n<div class='flex_cell av-2m72tm-387a293bae57832e99ae6d7407bdc6fe av-gridrow-cell av_one_half no_margin  avia-builder-el-1  el_before_av_cell_one_half  avia-builder-el-first  content-align-top avia-full-stretch'  ><div class='flex_cell_inner'><\/div><\/div>\n<style type=\"text\/css\" data-created_by=\"avia_inline_auto\" id=\"style-css-av-2csx7m-ec52f43f6dd35f260e133345f3c049ba\">\n.flex_cell.av-2csx7m-ec52f43f6dd35f260e133345f3c049ba{\nvertical-align:middle;\nheight:430px;\nmin-height:430px;\nbackground-color:#f7f7f7;\n}\n.responsive #top #wrap_all .flex_cell.av-2csx7m-ec52f43f6dd35f260e133345f3c049ba{\npadding:30px 100px 30px 100px !important;\n}\n<\/style>\n<div class='flex_cell av-2csx7m-ec52f43f6dd35f260e133345f3c049ba av-gridrow-cell av_one_half no_margin  avia-builder-el-2  el_after_av_cell_one_half  avia-builder-el-last  content-align-middle'  ><div class='flex_cell_inner'>\n<style type=\"text\/css\" data-created_by=\"avia_inline_auto\" id=\"style-css-av-27nwpu-06f30e38d1728edea843b7b3f1c9c0dd\">\n.flex_column.av-27nwpu-06f30e38d1728edea843b7b3f1c9c0dd{\nborder-radius:0px 0px 0px 0px;\npadding:0px 0px 0px 0px;\n}\n<\/style>\n<div  class='flex_column av-27nwpu-06f30e38d1728edea843b7b3f1c9c0dd av_one_full  avia-builder-el-3  avia-builder-el-no-sibling  first flex_column_div av-animated-generic bottom-to-top av-zero-column-padding  '     ><p>\n<style type=\"text\/css\" data-created_by=\"avia_inline_auto\" id=\"style-css-av-20mjkq-de8478d1fb18b6b10e8c51f0737fc33a\">\n#top .av-special-heading.av-20mjkq-de8478d1fb18b6b10e8c51f0737fc33a{\npadding-bottom:10px;\ncolor:#000000;\n}\nbody .av-special-heading.av-20mjkq-de8478d1fb18b6b10e8c51f0737fc33a .av-special-heading-tag .heading-char{\nfont-size:25px;\n}\n.av-special-heading.av-20mjkq-de8478d1fb18b6b10e8c51f0737fc33a .special-heading-inner-border{\nborder-color:#000000;\n}\n.av-special-heading.av-20mjkq-de8478d1fb18b6b10e8c51f0737fc33a .av-subheading{\nfont-size:15px;\n}\n<\/style>\n<div  class='av-special-heading av-20mjkq-de8478d1fb18b6b10e8c51f0737fc33a av-special-heading-h2 custom-color-heading blockquote modern-quote  avia-builder-el-4  el_before_av_textblock  avia-builder-el-first '><h2 class='av-special-heading-tag '  itemprop=\"headline\"  ><b>\u00dcBER UNS<\/b><\/h2><div class=\"special-heading-border\"><div class=\"special-heading-inner-border\"><\/div><\/div><\/div><br \/>\n\n<style type=\"text\/css\" data-created_by=\"avia_inline_auto\" id=\"style-css-av-1vhwyy-d768842f760572887e8680c964ddb8d3\">\n#top .av_textblock_section.av-1vhwyy-d768842f760572887e8680c964ddb8d3 .avia_textblock{\nfont-size:16px;\n}\n<\/style>\n<section  class='av_textblock_section av-1vhwyy-d768842f760572887e8680c964ddb8d3 '   itemscope=\"itemscope\" itemtype=\"https:\/\/schema.org\/CreativeWork\" ><div class='avia_textblock'  itemprop=\"text\" ><p><strong>GMforging<\/strong> ist Ihr ma\u00dfgeschneiderter L\u00f6sungspartner f\u00fcr Freiformschmieden, Grob\u00adbearbeitung und W\u00e4rmebehandlung.<\/p>\n<p>Unsere Hauptaktivit\u00e4ten umfassen die Herstellung von metallischen Produkten durch plastische Verformung (Freiformschmieden), die W\u00e4rmebehandlung von Metallen und Bearbeitungsoperationen.<\/p>\n<p>Wir produzieren j\u00e4hrlich \u00fcber 15.000 Tonnen geschmiedete Produkte und haben die Kapazit\u00e4t zur Herstellung von Produkten bis zu 20 Tonnen.<\/p>\n<p>Unsere Anlagen sind auf spezielle Schmiedest\u00fccke und Materialien spezialisiert und verwenden hochmoderne Fertigungseinrichtungen und die innovativsten Technologiesysteme.<\/p>\n<\/div><\/section><\/p><\/div>\n<\/div><\/div>\n<\/div>\n<div id='av-layout-grid-2'  class='av-layout-grid-container av-lmxmj8x2-a78a5802e110cc6d2a65a5a17fbe874d entry-content-wrapper main_color av-flex-cells  avia-builder-el-6  el_after_av_layout_row  el_before_av_one_fourth  grid-row-not-first  container_wrap fullsize'  >\n\n<style type=\"text\/css\" data-created_by=\"avia_inline_auto\" id=\"style-css-av-lmxmk68h-8b49691038d4b92ad2bbed6bed7b8fc2\">\n.flex_cell.av-lmxmk68h-8b49691038d4b92ad2bbed6bed7b8fc2{\nvertical-align:top;\nbackground-color:#f49919;\n}\n.responsive #top #wrap_all .flex_cell.av-lmxmk68h-8b49691038d4b92ad2bbed6bed7b8fc2{\npadding:15px 15px 15px 15px !important;\n}\n<\/style>\n<div class='flex_cell av-lmxmk68h-8b49691038d4b92ad2bbed6bed7b8fc2 av-gridrow-cell av_one_full no_margin  avia-builder-el-7  avia-builder-el-no-sibling  content-align-top'  ><div class='flex_cell_inner'><\/div><\/div>\n<\/div><div id='after_grid_row_2'  class='main_color av_default_container_wrap container_wrap fullsize'  ><div class='container av-section-cont-open' ><div class='template-page content  av-content-full alpha units'><div class='post-entry post-entry-type-page post-entry-1016'><div class='entry-content-wrapper clearfix'>\n<div  class='flex_column av-19ictu-f147999e3edea74a910b837a5099e3c2 av_one_fourth  avia-builder-el-8  el_after_av_layout_row  el_before_av_one_fourth  avia-builder-el-first  first flex_column_div  '     ><style type=\"text\/css\" data-created_by=\"avia_inline_auto\" id=\"style-css-av-lm9i02q2-011df51c221e88241fa901988e1bab77\">\n#top .avia-animated-number.av-lm9i02q2-011df51c221e88241fa901988e1bab77 .avia-animated-number-title{\nfont-size:40px;\n}\n#top .avia-animated-number.av-lm9i02q2-011df51c221e88241fa901988e1bab77 .avia-animated-number-content{\nfont-size:20px;\n}\n<\/style>\n<div  class=\"avia-animated-number av-lm9i02q2-011df51c221e88241fa901988e1bab77 av-force-default-color avia_animate_when_visible  avia-builder-el-9  avia-builder-el-no-sibling  \" data-timer=\"3000\"><strong class=\"heading avia-animated-number-title\"><span class=\"avia-single-number __av-single-number\" data-number_format=\"\" data-number=\"15\" data-start_from=\"0\">15<\/span><span class=\"avia-no-number\">.<\/span><span class=\"avia-single-number __av-single-number\" data-number_format=\"\" data-number=\"000\" data-start_from=\"0\">000<\/span><span class=\"avia-no-number\">.<\/span><span class=\"avia-single-number __av-single-number\" data-number_format=\"\" data-number=\"000\" data-start_from=\"0\">000<\/span><\/strong><div class=\"avia-animated-number-content\"><p>Euro pro Jahr<\/p>\n<\/div><\/div><\/div>\n<div  class='flex_column av-10dbx6-be0f6de444a88c2252c89b473995da22 av_one_fourth  avia-builder-el-10  el_after_av_one_fourth  el_before_av_one_fourth  flex_column_div  '     ><style type=\"text\/css\" data-created_by=\"avia_inline_auto\" id=\"style-css-av-lm9i0ybu-215c5c19f8f03998362f29dfac00e313\">\n#top .avia-animated-number.av-lm9i0ybu-215c5c19f8f03998362f29dfac00e313 .avia-animated-number-title{\nfont-size:40px;\n}\n#top .avia-animated-number.av-lm9i0ybu-215c5c19f8f03998362f29dfac00e313 .avia-animated-number-content{\nfont-size:20px;\n}\n<\/style>\n<div  class=\"avia-animated-number av-lm9i0ybu-215c5c19f8f03998362f29dfac00e313 av-force-default-color avia_animate_when_visible  avia-builder-el-11  avia-builder-el-no-sibling  \" data-timer=\"3000\"><strong class=\"heading avia-animated-number-title\"><span class=\"avia-single-number __av-single-number\" data-number_format=\"\" data-number=\"75\" data-start_from=\"0\">75<\/span><span class=\"avia-no-number\">%<\/span><\/strong><div class=\"avia-animated-number-content\"><p>Export<\/p>\n<\/div><\/div><\/div>\n<div  class='flex_column av-vijhe-164ad2350cb454277113e66c2b2e90ca av_one_fourth  avia-builder-el-12  el_after_av_one_fourth  el_before_av_one_fourth  flex_column_div  '     ><style type=\"text\/css\" data-created_by=\"avia_inline_auto\" id=\"style-css-av-lm9i1qpt-eaf6440e882c808c0a8f7d59625117b5\">\n#top .avia-animated-number.av-lm9i1qpt-eaf6440e882c808c0a8f7d59625117b5 .avia-animated-number-title{\nfont-size:40px;\n}\n#top .avia-animated-number.av-lm9i1qpt-eaf6440e882c808c0a8f7d59625117b5 .avia-animated-number-content{\nfont-size:20px;\n}\n<\/style>\n<div  class=\"avia-animated-number av-lm9i1qpt-eaf6440e882c808c0a8f7d59625117b5 av-force-default-color avia_animate_when_visible  avia-builder-el-13  avia-builder-el-no-sibling  \" data-timer=\"3000\"><strong class=\"heading avia-animated-number-title\"><span class=\"avia-single-number __av-single-number\" data-number_format=\"\" data-number=\"80\" data-start_from=\"0\">80<\/span><\/strong><div class=\"avia-animated-number-content\"><p>Mitarbeiter<\/p>\n<\/div><\/div><\/div>\n<div  class='flex_column av-2nwa2-908a1eee997af9e98e97e75fb13d89ee av_one_fourth  avia-builder-el-14  el_after_av_one_fourth  el_before_av_one_full  flex_column_div  '     ><style type=\"text\/css\" data-created_by=\"avia_inline_auto\" id=\"style-css-av-lm9i2n3g-3f6cae27c9de751a2df51c43ca2d34db\">\n#top .avia-animated-number.av-lm9i2n3g-3f6cae27c9de751a2df51c43ca2d34db .avia-animated-number-title{\nfont-size:40px;\n}\n#top .avia-animated-number.av-lm9i2n3g-3f6cae27c9de751a2df51c43ca2d34db .avia-animated-number-content{\nfont-size:20px;\n}\n<\/style>\n<div  class=\"avia-animated-number av-lm9i2n3g-3f6cae27c9de751a2df51c43ca2d34db av-force-default-color avia_animate_when_visible  avia-builder-el-15  avia-builder-el-no-sibling  \" data-timer=\"3000\"><strong class=\"heading avia-animated-number-title\"><span class=\"avia-single-number __av-single-number\" data-number_format=\"\" data-number=\"15\" data-start_from=\"0\">15<\/span><span class=\"avia-no-number\">.<\/span><span class=\"avia-single-number __av-single-number\" data-number_format=\"\" data-number=\"000\" data-start_from=\"0\">000<\/span><span class=\"avia-no-number\"> M<\/span><span class=\"avia-single-number __av-single-number\" data-number_format=\"\" data-number=\"2\" data-start_from=\"0\">2<\/span><\/strong><div class=\"avia-animated-number-content\"><p>Produktionsfl\u00e4che<\/p>\n<\/div><\/div><\/div>\n<div  class='flex_column av-ijodu-3158fb39180a572e8b5d620ef43ad59f av_one_full  avia-builder-el-16  el_after_av_one_fourth  el_before_av_layout_row  avia-builder-el-last  first flex_column_div  column-top-margin'     ><style type=\"text\/css\" data-created_by=\"avia_inline_auto\" id=\"style-css-av-lm9i3r8p-ed393ae5f746ccce9e2c03f62f840377\">\n#top .av-special-heading.av-lm9i3r8p-ed393ae5f746ccce9e2c03f62f840377{\npadding-bottom:10px;\n}\nbody .av-special-heading.av-lm9i3r8p-ed393ae5f746ccce9e2c03f62f840377 .av-special-heading-tag .heading-char{\nfont-size:25px;\n}\n.av-special-heading.av-lm9i3r8p-ed393ae5f746ccce9e2c03f62f840377 .av-subheading{\nfont-size:15px;\n}\n<\/style>\n<div  class='av-special-heading av-lm9i3r8p-ed393ae5f746ccce9e2c03f62f840377 av-special-heading-h1 blockquote modern-quote modern-centered  avia-builder-el-17  avia-builder-el-no-sibling '><h1 class='av-special-heading-tag '  itemprop=\"headline\"  ><b>&quot;Die Zukunft mit Integrit\u00e4t schmieden.&quot;<\/b><\/h1><div class=\"special-heading-border\"><div class=\"special-heading-inner-border\"><\/div><\/div><\/div><\/div>\n<\/div><\/div><\/div><!-- close content main div --><\/div><\/div><div id='av-layout-grid-3'  class='av-layout-grid-container av-cnxp6-e43ac4a961d8e405ea8dfedcd86c3a00 entry-content-wrapper main_color av-flex-cells  avia-builder-el-18  el_after_av_one_full  el_before_av_layout_row  grid-row-not-first  container_wrap fullsize'  >\n<div class='flex_cell av-77ywy-036ec17e42e6eab10c135b0b074bb035 av-gridrow-cell av_one_full no_margin  avia-builder-el-19  avia-builder-el-no-sibling '  ><div class='flex_cell_inner'>\n<style type=\"text\/css\" data-created_by=\"avia_inline_auto\" id=\"style-css-av-lm9i6sfl-fe69b56759641a124dfbcb388b21d8f6\">\n#top .av_textblock_section.av-lm9i6sfl-fe69b56759641a124dfbcb388b21d8f6 .avia_textblock{\nfont-size:16px;\n}\n<\/style>\n<section  class='av_textblock_section av-lm9i6sfl-fe69b56759641a124dfbcb388b21d8f6 '   itemscope=\"itemscope\" itemtype=\"https:\/\/schema.org\/CreativeWork\" ><div class='avia_textblock'  itemprop=\"text\" ><h2><strong>Vision:<\/strong><\/h2>\n<p>Branchen durch Exzellenz in der Pr\u00e4zisions\u00adschmiedekunst st\u00e4rken<\/p>\n<h2>Mission:<\/h2>\n<p>Bei[Gmforging], Unsere Mission ist es, ein Leuchtturm f\u00fcr Innovation und Zuverl\u00e4ssigkeit in den Bereichen Schiffbau und Maschinenbau durch die Kunst und Wissenschaft des Freiformschmiedens zu sein. Wir sind bestrebt, erstklassige geschmiedete L\u00f6sungen anzubieten, die die Leistung, Sicherheit und Effizienz der Produkte unserer Kunden steigern. Unser Engagement f\u00fcr Pr\u00e4zisionshandwerk, fortschrittliche Technologie und nachhaltige Praktiken treibt uns an, Schmiedeexzellenz zu liefern, die die Erwartungen \u00fcbertrifft. Durch die F\u00f6rderung von partnerschaftlichen Beziehungen und das kontinuierliche Ausloten der Grenzen der Schmiedef\u00e4higkeiten streben wir an, eine Zukunft zu gestalten, in der Industrien von der St\u00e4rke unserer geschmiedeten Kreationen profitieren.<\/p>\n<\/div><\/section>\n<\/div><\/div>\n<\/div>\n<div id='av-layout-grid-4'  class='av-layout-grid-container av-7k91m-042c51cc05bda72ad91462a6a88c7b89 entry-content-wrapper main_color av-flex-cells  avia-builder-el-21  el_after_av_layout_row  avia-builder-el-last  grid-row-not-first  container_wrap fullsize'  >\n\n<style type=\"text\/css\" data-created_by=\"avia_inline_auto\" id=\"style-css-av-ln6bws8y-68623d93a3e62a2ecbeac5d3d2b15561\">\n.flex_cell.av-ln6bws8y-68623d93a3e62a2ecbeac5d3d2b15561{\nvertical-align:top;\nbackground-color:#585858;\n}\n.responsive #top #wrap_all .flex_cell.av-ln6bws8y-68623d93a3e62a2ecbeac5d3d2b15561{\npadding:15px 15px 15px 15px !important;\n}\n<\/style>\n<div class='flex_cell av-ln6bws8y-68623d93a3e62a2ecbeac5d3d2b15561 av-gridrow-cell av_one_full no_margin  avia-builder-el-22  avia-builder-el-no-sibling  content-align-top'  ><div class='flex_cell_inner'><\/div><\/div><\/div>\n","protected":false},"excerpt":{"rendered":"","protected":false},"author":1,"featured_media":0,"parent":0,"menu_order":0,"comment_status":"open","ping_status":"open","template":"","meta":{"om_disable_all_campaigns":false,"_monsterinsights_skip_tracking":false,"_monsterinsights_sitenote_active":false,"_monsterinsights_sitenote_note":"","_monsterinsights_sitenote_category":0,"footnotes":""},"class_list":["post-1016","page","type-page","status-publish","hentry"],"aioseo_notices":[],"_links":{"self":[{"href":"https:\/\/gmforging.com\/de\/index.php\/wp-json\/wp\/v2\/pages\/1016","targetHints":{"allow":["GET"]}}],"collection":[{"href":"https:\/\/gmforging.com\/de\/index.php\/wp-json\/wp\/v2\/pages"}],"about":[{"href":"https:\/\/gmforging.com\/de\/index.php\/wp-json\/wp\/v2\/types\/page"}],"author":[{"embeddable":true,"href":"https:\/\/gmforging.com\/de\/index.php\/wp-json\/wp\/v2\/users\/1"}],"replies":[{"embeddable":true,"href":"https:\/\/gmforging.com\/de\/index.php\/wp-json\/wp\/v2\/comments?post=1016"}],"version-history":[{"count":2,"href":"https:\/\/gmforging.com\/de\/index.php\/wp-json\/wp\/v2\/pages\/1016\/revisions"}],"predecessor-version":[{"id":1018,"href":"https:\/\/gmforging.com\/de\/index.php\/wp-json\/wp\/v2\/pages\/1016\/revisions\/1018"}],"wp:attachment":[{"href":"https:\/\/gmforging.com\/de\/index.php\/wp-json\/wp\/v2\/media?parent=1016"}],"curies":[{"name":"wp","href":"https:\/\/api.w.org\/{rel}","templated":true}]}}